{"id":23372,"date":"2019-03-11T14:12:57","date_gmt":"2019-03-11T13:12:57","guid":{"rendered":"https:\/\/doktorkasandra.sk\/lotions\/"},"modified":"2019-03-11T14:12:57","modified_gmt":"2019-03-11T13:12:57","slug":"lotions","status":"publish","type":"page","link":"https:\/\/drsandra-new-wp.matoremes.sk\/en\/lotions\/","title":{"rendered":"Lotions"},"content":{"rendered":"<div class=\"woocommerce columns-3 \"><ul class=\"products columns-3\">\n<li class=\"product type-product post-23342 status-publish first instock product_cat-toner has-post-thumbnail taxable shipping-taxable purchasable product-type-simple\">\n\t<a href=\"https:\/\/drsandra-new-wp.matoremes.sk\/en\/obchod\/toner\/acidic-toner-for-sensitive-skin-with-less-alcohol\/\" class=\"woocommerce-LoopProduct-link woocommerce-loop-product__link\"><img loading=\"lazy\" decoding=\"async\" width=\"250\" height=\"250\" src=\"https:\/\/drsandra-new-wp.matoremes.sk\/wp-content\/uploads\/2019\/03\/voda-new-250x250.jpg\" class=\"attachment-woocommerce_thumbnail size-woocommerce_thumbnail\" alt=\"\" srcset=\"https:\/\/drsandra-new-wp.matoremes.sk\/wp-content\/uploads\/2019\/03\/voda-new-250x250.jpg 250w, https:\/\/drsandra-new-wp.matoremes.sk\/wp-content\/uploads\/2019\/03\/voda-new-300x300.jpg 300w, https:\/\/drsandra-new-wp.matoremes.sk\/wp-content\/uploads\/2019\/03\/voda-new-150x150.jpg 150w, https:\/\/drsandra-new-wp.matoremes.sk\/wp-content\/uploads\/2019\/03\/voda-new-768x768.jpg 768w, https:\/\/drsandra-new-wp.matoremes.sk\/wp-content\/uploads\/2019\/03\/voda-new-100x100.jpg 100w, https:\/\/drsandra-new-wp.matoremes.sk\/wp-content\/uploads\/2019\/03\/voda-new-350x350.jpg 350w, https:\/\/drsandra-new-wp.matoremes.sk\/wp-content\/uploads\/2019\/03\/voda-new.jpg 900w\" sizes=\"100vw\" \/><h2 class=\"woocommerce-loop-product__title\">ACIDIC TONER FOR SENSITIVE SKIN <b>With less alcohol<\/b> <i>100ml <\/i><\/h2><div class=\"star-rating\" role=\"img\" aria-label=\"Rated 5.00 out of 5\"><span style=\"width:100%\">Rated <strong class=\"rating\">5.00<\/strong> out of 5<\/span><\/div><h4 id=\"sklad-info\" style=\"display:none\"><div id=\"hover\">Tento produkt m\u00e1me s\u00edce aktu\u00e1lne na sklade, m\u00e1me v\u0161ak u\u017e iba posledn\u00e9 kusy. Ak ho chcete ma\u0165 r\u00fdchlo, pon\u00e1h\u013eajte sa! Dodanie \u010fal\u0161\u00edch m\u00f4\u017ee trva\u0165 dlh\u0161ie.<\/div>Na sklade, objedn\u00e1vajte <b>v\u0161ak r\u00fdchlo<\/b><\/h4>\n\t<span class=\"price\"><span class=\"woocommerce-Price-amount amount\"><bdi><span class=\"woocommerce-Price-currencySymbol\">&euro;<\/span>9.00<\/bdi><\/span><\/span>\n<\/a><a href=\"?add-to-cart=23342\" aria-describedby=\"woocommerce_loop_add_to_cart_link_describedby_23342\" data-quantity=\"1\" class=\"button product_type_simple add_to_cart_button ajax_add_to_cart\" data-product_id=\"23342\" data-product_sku=\"2\" aria-label=\"Add to cart: &ldquo;ACIDIC TONER FOR SENSITIVE SKIN With less alcohol 100ml &rdquo;\" rel=\"nofollow\" data-success_message=\"&ldquo;ACIDIC TONER FOR SENSITIVE SKIN &lt;b&gt;With less alcohol&lt;\/b&gt; &lt;i&gt;100ml &lt;\/i&gt;&rdquo; has been added to your cart\">Add to cart<\/a>\t<span id=\"woocommerce_loop_add_to_cart_link_describedby_23342\" class=\"screen-reader-text\">\n\t\t\t<\/span>\n<\/li>\n<li class=\"product type-product post-23343 status-publish instock product_cat-toner has-post-thumbnail taxable shipping-taxable purchasable product-type-simple\">\n\t<a href=\"https:\/\/drsandra-new-wp.matoremes.sk\/en\/obchod\/toner\/acidic-tonic-water-with-alcohol\/\" class=\"woocommerce-LoopProduct-link woocommerce-loop-product__link\"><img loading=\"lazy\" decoding=\"async\" width=\"250\" height=\"250\" src=\"https:\/\/drsandra-new-wp.matoremes.sk\/wp-content\/uploads\/2021\/07\/kysl\u00e1-voda-250x250.jpg\" class=\"attachment-woocommerce_thumbnail size-woocommerce_thumbnail\" alt=\"\" srcset=\"https:\/\/drsandra-new-wp.matoremes.sk\/wp-content\/uploads\/2021\/07\/kysl\u00e1-voda-250x250.jpg 250w, https:\/\/drsandra-new-wp.matoremes.sk\/wp-content\/uploads\/2021\/07\/kysl\u00e1-voda-300x300.jpg 300w, https:\/\/drsandra-new-wp.matoremes.sk\/wp-content\/uploads\/2021\/07\/kysl\u00e1-voda-1024x1024.jpg 1024w, https:\/\/drsandra-new-wp.matoremes.sk\/wp-content\/uploads\/2021\/07\/kysl\u00e1-voda-150x150.jpg 150w, https:\/\/drsandra-new-wp.matoremes.sk\/wp-content\/uploads\/2021\/07\/kysl\u00e1-voda-768x768.jpg 768w, https:\/\/drsandra-new-wp.matoremes.sk\/wp-content\/uploads\/2021\/07\/kysl\u00e1-voda-100x100.jpg 100w, https:\/\/drsandra-new-wp.matoremes.sk\/wp-content\/uploads\/2021\/07\/kysl\u00e1-voda-350x350.jpg 350w, https:\/\/drsandra-new-wp.matoremes.sk\/wp-content\/uploads\/2021\/07\/kysl\u00e1-voda.jpg 1440w\" sizes=\"100vw\" \/><h2 class=\"woocommerce-loop-product__title\">ACIDIC TONIC WATER <b>With alcohol<\/b> <i>100ml <\/i><\/h2><div class=\"star-rating\" role=\"img\" aria-label=\"Rated 4.86 out of 5\"><span style=\"width:97.2%\">Rated <strong class=\"rating\">4.86<\/strong> out of 5<\/span><\/div><h4 id=\"sklad-info\" style=\"display:none\"><div id=\"hover\">Tento produkt m\u00e1me s\u00edce aktu\u00e1lne na sklade, m\u00e1me v\u0161ak u\u017e iba posledn\u00e9 kusy. Ak ho chcete ma\u0165 r\u00fdchlo, pon\u00e1h\u013eajte sa! Dodanie \u010fal\u0161\u00edch m\u00f4\u017ee trva\u0165 dlh\u0161ie.<\/div>Na sklade, objedn\u00e1vajte <b>v\u0161ak r\u00fdchlo<\/b><\/h4>\n\t<span class=\"price\"><span class=\"woocommerce-Price-amount amount\"><bdi><span class=\"woocommerce-Price-currencySymbol\">&euro;<\/span>9.00<\/bdi><\/span><\/span>\n<\/a><a href=\"?add-to-cart=23343\" aria-describedby=\"woocommerce_loop_add_to_cart_link_describedby_23343\" data-quantity=\"1\" class=\"button product_type_simple add_to_cart_button ajax_add_to_cart\" data-product_id=\"23343\" data-product_sku=\"5\" aria-label=\"Add to cart: &ldquo;ACIDIC TONIC WATER With alcohol 100ml &rdquo;\" rel=\"nofollow\" data-success_message=\"&ldquo;ACIDIC TONIC WATER &lt;b&gt;With alcohol&lt;\/b&gt; &lt;i&gt;100ml &lt;\/i&gt;&rdquo; has been added to your cart\">Add to cart<\/a>\t<span id=\"woocommerce_loop_add_to_cart_link_describedby_23343\" class=\"screen-reader-text\">\n\t\t\t<\/span>\n<\/li>\n<\/ul>\n<\/div>","protected":false},"excerpt":{"rendered":"","protected":false},"author":1,"featured_media":0,"parent":0,"menu_order":0,"comment_status":"closed","ping_status":"closed","template":"","meta":{"inline_featured_image":false,"footnotes":""},"class_list":["post-23372","page","type-page","status-publish","hentry"],"_links":{"self":[{"href":"https:\/\/drsandra-new-wp.matoremes.sk\/en\/wp-json\/wp\/v2\/pages\/23372"}],"collection":[{"href":"https:\/\/drsandra-new-wp.matoremes.sk\/en\/wp-json\/wp\/v2\/pages"}],"about":[{"href":"https:\/\/drsandra-new-wp.matoremes.sk\/en\/wp-json\/wp\/v2\/types\/page"}],"author":[{"embeddable":true,"href":"https:\/\/drsandra-new-wp.matoremes.sk\/en\/wp-json\/wp\/v2\/users\/1"}],"replies":[{"embeddable":true,"href":"https:\/\/drsandra-new-wp.matoremes.sk\/en\/wp-json\/wp\/v2\/comments?post=23372"}],"version-history":[{"count":0,"href":"https:\/\/drsandra-new-wp.matoremes.sk\/en\/wp-json\/wp\/v2\/pages\/23372\/revisions"}],"wp:attachment":[{"href":"https:\/\/drsandra-new-wp.matoremes.sk\/en\/wp-json\/wp\/v2\/media?parent=23372"}],"curies":[{"name":"wp","href":"https:\/\/api.w.org\/{rel}","templated":true}]}}