{"id":29125,"date":"2019-03-11T14:12:57","date_gmt":"2019-03-11T13:12:57","guid":{"rendered":"https:\/\/doktorkasandra.sk\/pletove-vody\/"},"modified":"2023-09-24T19:37:26","modified_gmt":"2023-09-24T17:37:26","slug":"lociones","status":"publish","type":"page","link":"https:\/\/drsandra-new-wp.matoremes.sk\/es\/lociones\/","title":{"rendered":"Lociones"},"content":{"rendered":"<div class=\"woocommerce columns-3 \"><ul class=\"products columns-3\">\n<li class=\"product type-product post-29295 status-publish first instock product_cat-pulverizadores-faciales has-post-thumbnail taxable shipping-taxable purchasable product-type-simple\">\n\t<a href=\"https:\/\/drsandra-new-wp.matoremes.sk\/es\/eshop\/pulverizadores-faciales\/agua-facial-acida-para-piel-sensible-con-menor-contenido-de-alcohol-100-ml\/\" class=\"woocommerce-LoopProduct-link woocommerce-loop-product__link\"><img loading=\"lazy\" decoding=\"async\" width=\"250\" height=\"250\" src=\"https:\/\/drsandra-new-wp.matoremes.sk\/wp-content\/uploads\/2019\/03\/voda-new-250x250.jpg\" class=\"attachment-woocommerce_thumbnail size-woocommerce_thumbnail\" alt=\"\" srcset=\"https:\/\/drsandra-new-wp.matoremes.sk\/wp-content\/uploads\/2019\/03\/voda-new-250x250.jpg 250w, https:\/\/drsandra-new-wp.matoremes.sk\/wp-content\/uploads\/2019\/03\/voda-new-300x300.jpg 300w, https:\/\/drsandra-new-wp.matoremes.sk\/wp-content\/uploads\/2019\/03\/voda-new-150x150.jpg 150w, https:\/\/drsandra-new-wp.matoremes.sk\/wp-content\/uploads\/2019\/03\/voda-new-768x768.jpg 768w, https:\/\/drsandra-new-wp.matoremes.sk\/wp-content\/uploads\/2019\/03\/voda-new-100x100.jpg 100w, https:\/\/drsandra-new-wp.matoremes.sk\/wp-content\/uploads\/2019\/03\/voda-new-350x350.jpg 350w, https:\/\/drsandra-new-wp.matoremes.sk\/wp-content\/uploads\/2019\/03\/voda-new.jpg 900w\" sizes=\"100vw\" \/><h2 class=\"woocommerce-loop-product__title\">Agua facial \u00e1cida para piel sensible <b>con menor contenido de alcohol<\/b> <i>100 ml<\/i><\/h2><div class=\"star-rating\" role=\"img\" aria-label=\"Valorado con 5.00 de 5\"><span style=\"width:100%\">Valorado con <strong class=\"rating\">5.00<\/strong> de 5<\/span><\/div><h4 id=\"sklad-info\" style=\"display:none\"><div id=\"hover\">Tento produkt m\u00e1me s\u00edce aktu\u00e1lne na sklade, m\u00e1me v\u0161ak u\u017e iba posledn\u00e9 kusy. Ak ho chcete ma\u0165 r\u00fdchlo, pon\u00e1h\u013eajte sa! Dodanie \u010fal\u0161\u00edch m\u00f4\u017ee trva\u0165 dlh\u0161ie.<\/div>Na sklade, objedn\u00e1vajte <b>v\u0161ak r\u00fdchlo<\/b><\/h4>\n\t<span class=\"price\"><span class=\"woocommerce-Price-amount amount\"><bdi><span class=\"woocommerce-Price-currencySymbol\">&euro;<\/span>9.00<\/bdi><\/span><\/span>\n<\/a><a href=\"?add-to-cart=29295\" aria-describedby=\"woocommerce_loop_add_to_cart_link_describedby_29295\" data-quantity=\"1\" class=\"button product_type_simple add_to_cart_button ajax_add_to_cart\" data-product_id=\"29295\" data-product_sku=\"2\" aria-label=\"A\u00f1adir al carrito: &ldquo;Agua facial \u00e1cida para piel sensible con menor contenido de alcohol 100 ml&rdquo;\" rel=\"nofollow\" data-success_message=\"\u00abAgua facial \u00e1cida para piel sensible &lt;b&gt;con menor contenido de alcohol&lt;\/b&gt; &lt;i&gt;100 ml&lt;\/i&gt;\u00bb se ha a\u00f1adido a tu carrito\">A\u00f1adir al carrito<\/a>\t<span id=\"woocommerce_loop_add_to_cart_link_describedby_29295\" class=\"screen-reader-text\">\n\t\t\t<\/span>\n<\/li>\n<li class=\"product type-product post-29299 status-publish instock product_cat-pulverizadores-faciales has-post-thumbnail taxable shipping-taxable purchasable product-type-simple\">\n\t<a href=\"https:\/\/drsandra-new-wp.matoremes.sk\/es\/eshop\/pulverizadores-faciales\/tonico-facial-acido-con-contenido-de-alcohol-100-ml\/\" class=\"woocommerce-LoopProduct-link woocommerce-loop-product__link\"><img loading=\"lazy\" decoding=\"async\" width=\"250\" height=\"250\" src=\"https:\/\/drsandra-new-wp.matoremes.sk\/wp-content\/uploads\/2021\/07\/kysl\u00e1-voda-250x250.jpg\" class=\"attachment-woocommerce_thumbnail size-woocommerce_thumbnail\" alt=\"\" srcset=\"https:\/\/drsandra-new-wp.matoremes.sk\/wp-content\/uploads\/2021\/07\/kysl\u00e1-voda-250x250.jpg 250w, https:\/\/drsandra-new-wp.matoremes.sk\/wp-content\/uploads\/2021\/07\/kysl\u00e1-voda-300x300.jpg 300w, https:\/\/drsandra-new-wp.matoremes.sk\/wp-content\/uploads\/2021\/07\/kysl\u00e1-voda-1024x1024.jpg 1024w, https:\/\/drsandra-new-wp.matoremes.sk\/wp-content\/uploads\/2021\/07\/kysl\u00e1-voda-150x150.jpg 150w, https:\/\/drsandra-new-wp.matoremes.sk\/wp-content\/uploads\/2021\/07\/kysl\u00e1-voda-768x768.jpg 768w, https:\/\/drsandra-new-wp.matoremes.sk\/wp-content\/uploads\/2021\/07\/kysl\u00e1-voda-100x100.jpg 100w, https:\/\/drsandra-new-wp.matoremes.sk\/wp-content\/uploads\/2021\/07\/kysl\u00e1-voda-350x350.jpg 350w, https:\/\/drsandra-new-wp.matoremes.sk\/wp-content\/uploads\/2021\/07\/kysl\u00e1-voda.jpg 1440w\" sizes=\"100vw\" \/><h2 class=\"woocommerce-loop-product__title\">T\u00f3nico facial \u00e1cido <b>con contenido de alcohol<\/b> <i>100 ml<\/i><\/h2><div class=\"star-rating\" role=\"img\" aria-label=\"Valorado con 4.86 de 5\"><span style=\"width:97.2%\">Valorado con <strong class=\"rating\">4.86<\/strong> de 5<\/span><\/div><h4 id=\"sklad-info\" style=\"display:none\"><div id=\"hover\">Tento produkt m\u00e1me s\u00edce aktu\u00e1lne na sklade, m\u00e1me v\u0161ak u\u017e iba posledn\u00e9 kusy. Ak ho chcete ma\u0165 r\u00fdchlo, pon\u00e1h\u013eajte sa! Dodanie \u010fal\u0161\u00edch m\u00f4\u017ee trva\u0165 dlh\u0161ie.<\/div>Na sklade, objedn\u00e1vajte <b>v\u0161ak r\u00fdchlo<\/b><\/h4>\n\t<span class=\"price\"><span class=\"woocommerce-Price-amount amount\"><bdi><span class=\"woocommerce-Price-currencySymbol\">&euro;<\/span>9.00<\/bdi><\/span><\/span>\n<\/a><a href=\"?add-to-cart=29299\" aria-describedby=\"woocommerce_loop_add_to_cart_link_describedby_29299\" data-quantity=\"1\" class=\"button product_type_simple add_to_cart_button ajax_add_to_cart\" data-product_id=\"29299\" data-product_sku=\"5\" aria-label=\"A\u00f1adir al carrito: &ldquo;T\u00f3nico facial \u00e1cido con contenido de alcohol 100 ml&rdquo;\" rel=\"nofollow\" data-success_message=\"\u00abT\u00f3nico facial \u00e1cido &lt;b&gt;con contenido de alcohol&lt;\/b&gt; &lt;i&gt;100 ml&lt;\/i&gt;\u00bb se ha a\u00f1adido a tu carrito\">A\u00f1adir al carrito<\/a>\t<span id=\"woocommerce_loop_add_to_cart_link_describedby_29299\" class=\"screen-reader-text\">\n\t\t\t<\/span>\n<\/li>\n<\/ul>\n<\/div>","protected":false},"excerpt":{"rendered":"","protected":false},"author":1,"featured_media":0,"parent":0,"menu_order":0,"comment_status":"closed","ping_status":"closed","template":"","meta":{"inline_featured_image":false,"footnotes":""},"class_list":["post-29125","page","type-page","status-publish","hentry"],"_links":{"self":[{"href":"https:\/\/drsandra-new-wp.matoremes.sk\/es\/wp-json\/wp\/v2\/pages\/29125"}],"collection":[{"href":"https:\/\/drsandra-new-wp.matoremes.sk\/es\/wp-json\/wp\/v2\/pages"}],"about":[{"href":"https:\/\/drsandra-new-wp.matoremes.sk\/es\/wp-json\/wp\/v2\/types\/page"}],"author":[{"embeddable":true,"href":"https:\/\/drsandra-new-wp.matoremes.sk\/es\/wp-json\/wp\/v2\/users\/1"}],"replies":[{"embeddable":true,"href":"https:\/\/drsandra-new-wp.matoremes.sk\/es\/wp-json\/wp\/v2\/comments?post=29125"}],"version-history":[{"count":0,"href":"https:\/\/drsandra-new-wp.matoremes.sk\/es\/wp-json\/wp\/v2\/pages\/29125\/revisions"}],"wp:attachment":[{"href":"https:\/\/drsandra-new-wp.matoremes.sk\/es\/wp-json\/wp\/v2\/media?parent=29125"}],"curies":[{"name":"wp","href":"https:\/\/api.w.org\/{rel}","templated":true}]}}