{"id":29152,"date":"2022-07-21T12:20:44","date_gmt":"2022-07-21T10:20:44","guid":{"rendered":"https:\/\/doktorkasandra.sk\/obchod\/sin categor\u00eda\/serum-antienvejecimiento-con-bakuchiol-30-ml\/"},"modified":"2024-09-29T21:58:16","modified_gmt":"2024-09-29T19:58:16","slug":"serum-antienvejecimiento-con-bakuchiol-30-ml","status":"publish","type":"product","link":"https:\/\/drsandra-new-wp.matoremes.sk\/es\/eshop\/crema\/serum-antienvejecimiento-con-bakuchiol-30-ml\/","title":{"rendered":"S\u00e9rum antienvejecimiento <b>con bakuchiol<\/b> <i>30 ml<\/i>"},"content":{"rendered":"S\u00e9rum antienvejecimiento con todos los beneficios del retinol, sin efectos secundarios no deseados como enrojecimiento, sequedad, descamaci\u00f3n de la piel o sensibilidad a la radiaci\u00f3n solar.\r\n\r\nEl bakuchiol no tiene similitud qu\u00edmica con los retinoides y el retinol, pero estudios de laboratorio, expresi\u00f3n gen\u00e9tica y aplicaci\u00f3n cl\u00ednica en la piel han demostrado que provoca muchos de los mismos cambios antienvejecimiento que los derivados de la vitamina A que los dermat\u00f3logos han amado durante d\u00e9cadas.","protected":false},"excerpt":{"rendered":"El suero facial con bakuchiol es un producto sin perfume para uso diario que ayuda a reducir varios signos de envejecimiento de la piel. El bakuchiol estimula la producci\u00f3n de col\u00e1geno, mejora la firmeza y elasticidad de la piel y reduce las arrugas finas y las arrugas de expresi\u00f3n.\r\n\r\nTambi\u00e9n reduce eficazmente el enrojecimiento de la piel al reducir los procesos inflamatorios y armoniza el tono de la piel. Junto con el \u00e1cido hialur\u00f3nico y el aceite de jojoba, restaura el equilibrio hidrolip\u00eddico y refuerza la funci\u00f3n protectora de la piel. El suero deja una sensaci\u00f3n no grasa despu\u00e9s de la aplicaci\u00f3n y la piel adquiere un aspecto suave y terso.","protected":false},"featured_media":32149,"comment_status":"open","ping_status":"closed","template":"","meta":{"inline_featured_image":false},"product_cat":[61],"product_tag":[],"class_list":{"0":"post-29152","1":"product","2":"type-product","3":"status-publish","4":"has-post-thumbnail","6":"product_cat-crema","8":"first","9":"instock","10":"taxable","11":"shipping-taxable","12":"purchasable","13":"product-type-simple"},"_links":{"self":[{"href":"https:\/\/drsandra-new-wp.matoremes.sk\/es\/wp-json\/wp\/v2\/product\/29152"}],"collection":[{"href":"https:\/\/drsandra-new-wp.matoremes.sk\/es\/wp-json\/wp\/v2\/product"}],"about":[{"href":"https:\/\/drsandra-new-wp.matoremes.sk\/es\/wp-json\/wp\/v2\/types\/product"}],"replies":[{"embeddable":true,"href":"https:\/\/drsandra-new-wp.matoremes.sk\/es\/wp-json\/wp\/v2\/comments?post=29152"}],"wp:featuredmedia":[{"embeddable":true,"href":"https:\/\/drsandra-new-wp.matoremes.sk\/es\/wp-json\/wp\/v2\/media\/32149"}],"wp:attachment":[{"href":"https:\/\/drsandra-new-wp.matoremes.sk\/es\/wp-json\/wp\/v2\/media?parent=29152"}],"wp:term":[{"taxonomy":"product_cat","embeddable":true,"href":"https:\/\/drsandra-new-wp.matoremes.sk\/es\/wp-json\/wp\/v2\/product_cat?post=29152"},{"taxonomy":"product_tag","embeddable":true,"href":"https:\/\/drsandra-new-wp.matoremes.sk\/es\/wp-json\/wp\/v2\/product_tag?post=29152"}],"curies":[{"name":"wp","href":"https:\/\/api.w.org\/{rel}","templated":true}]}}