{"id":29164,"date":"2019-05-13T15:09:39","date_gmt":"2019-05-13T13:09:39","guid":{"rendered":"https:\/\/doktorkasandra.sk\/obchod\/sin%20categor\u00eda\/crema-hidratante-en-envase-con-dispensador-con-urea-40g\/"},"modified":"2024-09-29T21:58:14","modified_gmt":"2024-09-29T19:58:14","slug":"crema-hidratante-en-envase-con-dispensador-con-urea-40g","status":"publish","type":"product","link":"https:\/\/drsandra-new-wp.matoremes.sk\/es\/eshop\/crema\/crema-hidratante-en-envase-con-dispensador-con-urea-40g\/","title":{"rendered":"Crema hidratante en envase con dispensador <b>con urea<\/b> <i>40g<\/i>"},"content":{"rendered":"","protected":false},"excerpt":{"rendered":"Tu crema hidratante favorita, ahora en un nuevo envase con dispensador.\r\n\r\nUna crema altamente hidratante y calmante, adecuada para pieles grasas, ocasionalmente secas y mixtas en la cara, el cuello y el escote. Cosm\u00e9tica m\u00e9dica adecuada incluso para pieles problem\u00e1ticas. La crema tambi\u00e9n es adecuada para pieles propensas al acn\u00e9. Es excelente como base de maquillaje durante todo el a\u00f1o. La crema hidratante Dr. Sandra se ha convertido en el producto m\u00e1s vendido, principalmente debido a su composici\u00f3n, cuyo ingrediente principal es la Urea.","protected":false},"featured_media":29168,"comment_status":"open","ping_status":"closed","template":"","meta":{"inline_featured_image":false},"product_cat":[61],"product_tag":[],"class_list":{"0":"post-29164","1":"product","2":"type-product","3":"status-publish","4":"has-post-thumbnail","6":"product_cat-crema","8":"first","9":"instock","10":"taxable","11":"shipping-taxable","12":"purchasable","13":"product-type-simple"},"_links":{"self":[{"href":"https:\/\/drsandra-new-wp.matoremes.sk\/es\/wp-json\/wp\/v2\/product\/29164"}],"collection":[{"href":"https:\/\/drsandra-new-wp.matoremes.sk\/es\/wp-json\/wp\/v2\/product"}],"about":[{"href":"https:\/\/drsandra-new-wp.matoremes.sk\/es\/wp-json\/wp\/v2\/types\/product"}],"replies":[{"embeddable":true,"href":"https:\/\/drsandra-new-wp.matoremes.sk\/es\/wp-json\/wp\/v2\/comments?post=29164"}],"wp:featuredmedia":[{"embeddable":true,"href":"https:\/\/drsandra-new-wp.matoremes.sk\/es\/wp-json\/wp\/v2\/media\/29168"}],"wp:attachment":[{"href":"https:\/\/drsandra-new-wp.matoremes.sk\/es\/wp-json\/wp\/v2\/media?parent=29164"}],"wp:term":[{"taxonomy":"product_cat","embeddable":true,"href":"https:\/\/drsandra-new-wp.matoremes.sk\/es\/wp-json\/wp\/v2\/product_cat?post=29164"},{"taxonomy":"product_tag","embeddable":true,"href":"https:\/\/drsandra-new-wp.matoremes.sk\/es\/wp-json\/wp\/v2\/product_tag?post=29164"}],"curies":[{"name":"wp","href":"https:\/\/api.w.org\/{rel}","templated":true}]}}