{"id":29280,"date":"2019-05-24T12:36:04","date_gmt":"2019-05-24T10:36:04","guid":{"rendered":"https:\/\/doktorkasandra.sk\/obchod\/sin categor\u00eda\/champu-con-extracto-de-bardana-200ml\/"},"modified":"2024-09-29T21:58:18","modified_gmt":"2024-09-29T19:58:18","slug":"champu-con-extracto-de-bardana-200ml","status":"publish","type":"product","link":"https:\/\/drsandra-new-wp.matoremes.sk\/es\/eshop\/champu\/champu-con-extracto-de-bardana-200ml\/","title":{"rendered":"Champ\u00fa<b>con extracto de bardana<\/b> <i>200ml<\/i>"},"content":{"rendered":"","protected":false},"excerpt":{"rendered":"El champ\u00fa de la l\u00ednea Doctora Sandra con un 6% de extracto de bardana, pantenol y mentol ha sido especialmente desarrollado para limpiar eficazmente el cuero cabelludo y lavar profundamente el cabello. Este producto calma y mejora la condici\u00f3n general del cabello y del cuero cabelludo. Proporciona volumen, elasticidad, suavidad y brillo al cabello. Si tienes ra\u00edces grasas y puntas secas, esta es la elecci\u00f3n ideal para ti. Despu\u00e9s de usarlo, sentir\u00e1s el cuero cabelludo completamente limpio.","protected":false},"featured_media":29293,"comment_status":"open","ping_status":"closed","template":"","meta":{"inline_featured_image":false},"product_cat":[67],"product_tag":[],"class_list":{"0":"post-29280","1":"product","2":"type-product","3":"status-publish","4":"has-post-thumbnail","6":"product_cat-champu","8":"first","9":"instock","10":"taxable","11":"shipping-taxable","12":"purchasable","13":"product-type-simple"},"_links":{"self":[{"href":"https:\/\/drsandra-new-wp.matoremes.sk\/es\/wp-json\/wp\/v2\/product\/29280"}],"collection":[{"href":"https:\/\/drsandra-new-wp.matoremes.sk\/es\/wp-json\/wp\/v2\/product"}],"about":[{"href":"https:\/\/drsandra-new-wp.matoremes.sk\/es\/wp-json\/wp\/v2\/types\/product"}],"replies":[{"embeddable":true,"href":"https:\/\/drsandra-new-wp.matoremes.sk\/es\/wp-json\/wp\/v2\/comments?post=29280"}],"wp:featuredmedia":[{"embeddable":true,"href":"https:\/\/drsandra-new-wp.matoremes.sk\/es\/wp-json\/wp\/v2\/media\/29293"}],"wp:attachment":[{"href":"https:\/\/drsandra-new-wp.matoremes.sk\/es\/wp-json\/wp\/v2\/media?parent=29280"}],"wp:term":[{"taxonomy":"product_cat","embeddable":true,"href":"https:\/\/drsandra-new-wp.matoremes.sk\/es\/wp-json\/wp\/v2\/product_cat?post=29280"},{"taxonomy":"product_tag","embeddable":true,"href":"https:\/\/drsandra-new-wp.matoremes.sk\/es\/wp-json\/wp\/v2\/product_tag?post=29280"}],"curies":[{"name":"wp","href":"https:\/\/api.w.org\/{rel}","templated":true}]}}