{"id":29299,"date":"2019-03-22T07:21:57","date_gmt":"2019-03-22T06:21:57","guid":{"rendered":"https:\/\/doktorkasandra.sk\/obchod\/sin categor\u00eda\/tonico-facial-acido-con-contenido-de-alcohol-100-ml\/"},"modified":"2024-09-29T21:58:17","modified_gmt":"2024-09-29T19:58:17","slug":"tonico-facial-acido-con-contenido-de-alcohol-100-ml","status":"publish","type":"product","link":"https:\/\/drsandra-new-wp.matoremes.sk\/es\/eshop\/pulverizadores-faciales\/tonico-facial-acido-con-contenido-de-alcohol-100-ml\/","title":{"rendered":"T\u00f3nico facial \u00e1cido <b>con contenido de alcohol<\/b> <i>100 ml<\/i>"},"content":{"rendered":"","protected":false},"excerpt":{"rendered":"T\u00f3nico facial \u00e1cido con un contenido del 20% de alcohol, adecuado para pieles normales o problem\u00e1ticas con tendencia al acn\u00e9. Restaura el manto \u00e1cido natural de la piel y la protege contra bacterias y virus. Previene la obstrucci\u00f3n de los poros. Es muy adecuado para pieles propensas a la formaci\u00f3n de milias y en el tratamiento del acn\u00e9. El \u00e9xito del tratamiento adecuado radica en la regularidad en el uso del producto.","protected":false},"featured_media":29298,"comment_status":"open","ping_status":"closed","template":"","meta":{"inline_featured_image":false},"product_cat":[64],"product_tag":[],"class_list":{"0":"post-29299","1":"product","2":"type-product","3":"status-publish","4":"has-post-thumbnail","6":"product_cat-pulverizadores-faciales","8":"first","9":"instock","10":"taxable","11":"shipping-taxable","12":"purchasable","13":"product-type-simple"},"_links":{"self":[{"href":"https:\/\/drsandra-new-wp.matoremes.sk\/es\/wp-json\/wp\/v2\/product\/29299"}],"collection":[{"href":"https:\/\/drsandra-new-wp.matoremes.sk\/es\/wp-json\/wp\/v2\/product"}],"about":[{"href":"https:\/\/drsandra-new-wp.matoremes.sk\/es\/wp-json\/wp\/v2\/types\/product"}],"replies":[{"embeddable":true,"href":"https:\/\/drsandra-new-wp.matoremes.sk\/es\/wp-json\/wp\/v2\/comments?post=29299"}],"wp:featuredmedia":[{"embeddable":true,"href":"https:\/\/drsandra-new-wp.matoremes.sk\/es\/wp-json\/wp\/v2\/media\/29298"}],"wp:attachment":[{"href":"https:\/\/drsandra-new-wp.matoremes.sk\/es\/wp-json\/wp\/v2\/media?parent=29299"}],"wp:term":[{"taxonomy":"product_cat","embeddable":true,"href":"https:\/\/drsandra-new-wp.matoremes.sk\/es\/wp-json\/wp\/v2\/product_cat?post=29299"},{"taxonomy":"product_tag","embeddable":true,"href":"https:\/\/drsandra-new-wp.matoremes.sk\/es\/wp-json\/wp\/v2\/product_tag?post=29299"}],"curies":[{"name":"wp","href":"https:\/\/api.w.org\/{rel}","templated":true}]}}